{"id":243267,"date":"2022-10-23T13:42:36","date_gmt":"2022-10-23T11:42:36","guid":{"rendered":"https:\/\/subamacon.com\/index.php\/page-daccueil\/"},"modified":"2023-04-15T12:23:45","modified_gmt":"2023-04-15T10:23:45","slug":"boutique-csm","status":"publish","type":"page","link":"https:\/\/subamacon.com\/index.php\/boutique-csm\/","title":{"rendered":"Boutique"},"content":{"rendered":"<p>[et_pb_section fb_built=\u00a0\u00bb1&Prime; custom_padding_last_edited=\u00a0\u00bbon|phone\u00a0\u00bb admin_label=\u00a0\u00bbShop\u00a0\u00bb _builder_version=\u00a0\u00bb4.16&Prime; custom_padding=\u00a0\u00bb110px||70px|\u00a0\u00bb custom_padding_tablet=\u00a0\u00bb60px||0px|\u00a0\u00bb custom_padding_phone=\u00a0\u00bb\u00a0\u00bb global_colors_info=\u00a0\u00bb{}\u00a0\u00bb][et_pb_row custom_padding_last_edited=\u00a0\u00bbon|phone\u00a0\u00bb admin_label=\u00a0\u00bbShop Title\u00a0\u00bb _builder_version=\u00a0\u00bb4.16&Prime; background_size=\u00a0\u00bbinitial\u00a0\u00bb background_position=\u00a0\u00bbtop_left\u00a0\u00bb background_repeat=\u00a0\u00bbrepeat\u00a0\u00bb custom_padding=\u00a0\u00bb30px|0px|71px|0px||\u00a0\u00bb custom_padding_tablet=\u00a0\u00bb0px||0px|\u00a0\u00bb custom_padding_phone=\u00a0\u00bb\u00a0\u00bb global_colors_info=\u00a0\u00bb{}\u00a0\u00bb][et_pb_column type=\u00a0\u00bb4_4&Prime; _builder_version=\u00a0\u00bb4.16&Prime; custom_padding=\u00a0\u00bb|||\u00a0\u00bb global_colors_info=\u00a0\u00bb{}\u00a0\u00bb custom_padding__hover=\u00a0\u00bb|||\u00a0\u00bb][et_pb_text admin_label=\u00a0\u00bbLook Inside Title\u00a0\u00bb _builder_version=\u00a0\u00bb4.16&Prime; text_text_color=\u00a0\u00bb#1a1a1a\u00a0\u00bb header_font=\u00a0\u00bbOswald|on||on|\u00a0\u00bb header_text_align=\u00a0\u00bbcenter\u00a0\u00bb header_font_size=\u00a0\u00bb60px\u00a0\u00bb header_line_height=\u00a0\u00bb1.3em\u00a0\u00bb background_size=\u00a0\u00bbinitial\u00a0\u00bb background_position=\u00a0\u00bbtop_left\u00a0\u00bb background_repeat=\u00a0\u00bbrepeat\u00a0\u00bb max_width=\u00a0\u00bb450px\u00a0\u00bb module_alignment=\u00a0\u00bbcenter\u00a0\u00bb custom_margin=\u00a0\u00bb|||\u00a0\u00bb custom_padding=\u00a0\u00bb|||\u00a0\u00bb animation_style=\u00a0\u00bbslide\u00a0\u00bb animation_direction=\u00a0\u00bbtop\u00a0\u00bb animation_intensity_slide=\u00a0\u00bb10%\u00a0\u00bb locked=\u00a0\u00bboff\u00a0\u00bb global_colors_info=\u00a0\u00bb{}\u00a0\u00bb]<\/p>\n<h1>Nos produits<\/p>\n<\/h1>\n<p>[\/et_pb_text][et_pb_text _builder_version=\u00a0\u00bb4.16&Prime; _module_preset=\u00a0\u00bbdefault\u00a0\u00bb custom_padding=\u00a0\u00bb||0px|||\u00a0\u00bb global_colors_info=\u00a0\u00bb{}\u00a0\u00bb]<\/p>\n<p style=\"text-align: center;\">Boutique en ligne r\u00e9serv\u00e9e aux membres du Club Subaquatique M\u00e2connais<\/p>\n<p>[\/et_pb_text][et_pb_divider color=\u00a0\u00bb#ed4441&Prime; divider_position=\u00a0\u00bbcenter\u00a0\u00bb divider_weight=\u00a0\u00bb3px\u00a0\u00bb disabled_on=\u00a0\u00bboff|off|off%22%22&Prime; _builder_version=\u00a0\u00bb4.16&Prime; max_width=\u00a0\u00bb150px\u00a0\u00bb module_alignment=\u00a0\u00bbcenter\u00a0\u00bb height=\u00a0\u00bbfalse\u00a0\u00bb custom_margin=\u00a0\u00bb30px|||\u00a0\u00bb animation_style=\u00a0\u00bbslide\u00a0\u00bb animation_direction=\u00a0\u00bbtop\u00a0\u00bb animation_delay=\u00a0\u00bb100ms\u00a0\u00bb animation_intensity_slide=\u00a0\u00bb10%\u00a0\u00bb locked=\u00a0\u00bboff\u00a0\u00bb global_colors_info=\u00a0\u00bb{}\u00a0\u00bb][\/et_pb_divider][\/et_pb_column][\/et_pb_row][et_pb_row use_custom_gutter=\u00a0\u00bbon\u00a0\u00bb gutter_width=\u00a0\u00bb2&Prime; make_equal=\u00a0\u00bbon\u00a0\u00bb admin_label=\u00a0\u00bbProducts\u00a0\u00bb _builder_version=\u00a0\u00bb4.16&Prime; background_size=\u00a0\u00bbinitial\u00a0\u00bb background_position=\u00a0\u00bbtop_left\u00a0\u00bb background_repeat=\u00a0\u00bbrepeat\u00a0\u00bb custom_padding=\u00a0\u00bb|||\u00a0\u00bb global_colors_info=\u00a0\u00bb{}\u00a0\u00bb][et_pb_column type=\u00a0\u00bb4_4&Prime; _builder_version=\u00a0\u00bb4.16&Prime; custom_padding=\u00a0\u00bb|||\u00a0\u00bb global_colors_info=\u00a0\u00bb{}\u00a0\u00bb custom_padding__hover=\u00a0\u00bb|||\u00a0\u00bb][et_pb_shop type=\u00a0\u00bbproduct_category\u00a0\u00bb posts_number=\u00a0\u00bb36&Prime; columns_number=\u00a0\u00bb3&Prime; _builder_version=\u00a0\u00bb4.20.2&Prime; title_font=\u00a0\u00bbOswald||||\u00a0\u00bb title_text_color=\u00a0\u00bb#1a1a1a\u00a0\u00bb title_font_size=\u00a0\u00bb24px\u00a0\u00bb price_font=\u00a0\u00bbRoboto||||\u00a0\u00bb price_text_color=\u00a0\u00bb#ed4441&Prime; price_font_size=\u00a0\u00bb16px\u00a0\u00bb text_orientation=\u00a0\u00bbleft\u00a0\u00bb hover_enabled=\u00a0\u00bb0&Prime; global_colors_info=\u00a0\u00bb{}\u00a0\u00bb sticky_enabled=\u00a0\u00bb0&Prime;][\/et_pb_shop][\/et_pb_column][\/et_pb_row][\/et_pb_section][et_pb_section fb_built=\u00a0\u00bb1&Prime; admin_label=\u00a0\u00bbPromo Section\u00a0\u00bb _builder_version=\u00a0\u00bb4.16&Prime; background_color=\u00a0\u00bbrgba(0,0,0,0.5)\u00a0\u00bb background_image=\u00a0\u00bbhttps:\/\/subamacon.com\/wp-content\/uploads\/2022\/01\/csm-photodub-diz-18.jpg\u00a0\u00bb background_blend=\u00a0\u00bbcolor\u00a0\u00bb custom_padding=\u00a0\u00bb120px||120px|\u00a0\u00bb global_colors_info=\u00a0\u00bb{}\u00a0\u00bb][et_pb_row _builder_version=\u00a0\u00bb4.16&Prime; background_size=\u00a0\u00bbinitial\u00a0\u00bb background_position=\u00a0\u00bbtop_left\u00a0\u00bb background_repeat=\u00a0\u00bbrepeat\u00a0\u00bb custom_margin=\u00a0\u00bb|||\u00a0\u00bb global_colors_info=\u00a0\u00bb{}\u00a0\u00bb][et_pb_column type=\u00a0\u00bb4_4&Prime; _builder_version=\u00a0\u00bb4.16&Prime; custom_padding=\u00a0\u00bb|||\u00a0\u00bb global_colors_info=\u00a0\u00bb{}\u00a0\u00bb custom_padding__hover=\u00a0\u00bb|||\u00a0\u00bb][et_pb_text admin_label=\u00a0\u00bbCTA Section Subtitle\u00a0\u00bb _builder_version=\u00a0\u00bb4.16&Prime; text_font=\u00a0\u00bbRoboto|on||on|\u00a0\u00bb text_font_size=\u00a0\u00bb24px\u00a0\u00bb text_letter_spacing=\u00a0\u00bb4px\u00a0\u00bb background_size=\u00a0\u00bbinitial\u00a0\u00bb background_position=\u00a0\u00bbtop_left\u00a0\u00bb background_repeat=\u00a0\u00bbrepeat\u00a0\u00bb background_layout=\u00a0\u00bbdark\u00a0\u00bb module_alignment=\u00a0\u00bbcenter\u00a0\u00bb animation_style=\u00a0\u00bbzoom\u00a0\u00bb animation_direction=\u00a0\u00bbleft\u00a0\u00bb animation_intensity_zoom=\u00a0\u00bb20%\u00a0\u00bb global_colors_info=\u00a0\u00bb{}\u00a0\u00bb]<\/p>\n<p style=\"text-align: center;\">BOUTIQUE EN LIGNE CSM &#8211; R\u00e9SerV\u00e9 AUX MEMBRES<\/p>\n<p style=\"text-align: center;\">COMMANDEZ SUR NOTRE SITE, RETIREZ LES MERCREDI \u00e0 NOTRE LOCAL<\/p>\n<p>[\/et_pb_text][et_pb_social_media_follow _builder_version=\u00a0\u00bb4.16&Prime; _module_preset=\u00a0\u00bbdefault\u00a0\u00bb text_orientation=\u00a0\u00bbcenter\u00a0\u00bb global_colors_info=\u00a0\u00bb{}\u00a0\u00bb][et_pb_social_media_follow_network social_network=\u00a0\u00bbfacebook\u00a0\u00bb url=\u00a0\u00bbhttps:\/\/www.facebook.com\/plongee.subamacon\/\u00a0\u00bb _builder_version=\u00a0\u00bb4.16&Prime; _module_preset=\u00a0\u00bbdefault\u00a0\u00bb background_color=\u00a0\u00bb#3b5998&Prime; global_colors_info=\u00a0\u00bb{}\u00a0\u00bb follow_button=\u00a0\u00bboff\u00a0\u00bb url_new_window=\u00a0\u00bbon\u00a0\u00bb]facebook[\/et_pb_social_media_follow_network][et_pb_social_media_follow_network social_network=\u00a0\u00bbyoutube\u00a0\u00bb url=\u00a0\u00bbhttps:\/\/www.youtube.com\/channel\/UCy9G9cLXe8J15cxaQloLTRw\u00a0\u00bb _builder_version=\u00a0\u00bb4.16&Prime; _module_preset=\u00a0\u00bbdefault\u00a0\u00bb background_color=\u00a0\u00bb#a82400&Prime; global_colors_info=\u00a0\u00bb{}\u00a0\u00bb follow_button=\u00a0\u00bboff\u00a0\u00bb url_new_window=\u00a0\u00bbon\u00a0\u00bb]youtube[\/et_pb_social_media_follow_network][\/et_pb_social_media_follow][et_pb_divider color=\u00a0\u00bb#ffffff\u00a0\u00bb divider_position=\u00a0\u00bbcenter\u00a0\u00bb divider_weight=\u00a0\u00bb3px\u00a0\u00bb disabled_on=\u00a0\u00bbon|on|off%22%22&Prime; _builder_version=\u00a0\u00bb4.16&Prime; max_width=\u00a0\u00bb150px\u00a0\u00bb module_alignment=\u00a0\u00bbleft\u00a0\u00bb height=\u00a0\u00bbfalse\u00a0\u00bb animation_style=\u00a0\u00bbzoom\u00a0\u00bb animation_direction=\u00a0\u00bbleft\u00a0\u00bb animation_delay=\u00a0\u00bb200ms\u00a0\u00bb animation_intensity_zoom=\u00a0\u00bb20%\u00a0\u00bb locked=\u00a0\u00bboff\u00a0\u00bb global_colors_info=\u00a0\u00bb{}\u00a0\u00bb][\/et_pb_divider][\/et_pb_column][\/et_pb_row][\/et_pb_section]<\/p>\n","protected":false},"excerpt":{"rendered":"<p>Nos produits Boutique en ligne r\u00e9serv\u00e9e aux membres du Club Subaquatique M\u00e2connaisBOUTIQUE EN LIGNE CSM &#8211; R\u00e9SerV\u00e9 AUX MEMBRES COMMANDEZ SUR NOTRE SITE, RETIREZ LES MERCREDI \u00e0 NOTRE LOCAL<\/p>\n","protected":false},"author":1,"featured_media":0,"parent":0,"menu_order":0,"comment_status":"closed","ping_status":"closed","template":"","meta":{"_et_pb_use_builder":"on","_et_pb_old_content":"<!-- wp:cover {\"url\":\"https:\/\/subamacon.com\/wp-content\/uploads\/2022\/10\/other-small.jpg\",\"id\":243270,\"dimRatio\":0} -->\n<div class=\"wp-block-cover\"><span aria-hidden=\"true\" class=\"wp-block-cover__background has-background-dim-0 has-background-dim\"><\/span><img class=\"wp-block-cover__image-background wp-image-243270\" src=\"https:\/\/subamacon.com\/wp-content\/uploads\/2022\/10\/other-small.jpg\" data-object-fit=\"cover\"\/><div class=\"wp-block-cover__inner-container\"><!-- wp:paragraph {\"align\":\"center\",\"placeholder\":\"R\u00e9diger le titre\u2026\",\"textColor\":\"white\",\"fontSize\":\"large\"} -->\n<p class=\"has-text-align-center has-white-color has-text-color has-large-font-size\"><p class=\"has-text-align-center has-large-font-size\">Bienvenue dans la boutique<\/p><\/p>\n<!-- \/wp:paragraph -->\n\n<!-- wp:paragraph {\"align\":\"center\",\"textColor\":\"white\"} -->\n<p class=\"has-text-align-center has-white-color has-text-color\"><p class=\"has-text-color has-text-align-center\">R\u00e9diger un bref message de bienvenue ici<\/p><\/p>\n<!-- \/wp:paragraph -->\n\n<!-- wp:buttons {\"layout\":{\"type\":\"flex\",\"justifyContent\":\"center\"}} -->\n<div class=\"wp-block-buttons\"><!-- wp:button -->\n<div class=\"wp-block-button\"><a class=\"wp-block-button__link\" href=\"https:\/\/subamacon.com\/index.php\/boutique\/\">Faire des achats<\/a><\/div>\n<!-- \/wp:button --><\/div>\n<!-- \/wp:buttons --><\/div><\/div>\n<!-- \/wp:cover -->\n\n<!-- wp:heading {\"textAlign\":\"center\"} -->\n<h2 class=\"has-text-align-center\">Nouveaux produits<\/h2>\n<!-- \/wp:heading -->\n\n<!-- wp:woocommerce\/product-new \/-->\n\n<!-- wp:media-text {\"mediaPosition\":\"right\",\"mediaId\":243270,\"mediaType\":\"image\"} -->\n<div class=\"wp-block-media-text alignwide has-media-on-the-right\"\"><figure class=\"wp-block-media-text__media\"><img src=\"https:\/\/subamacon.com\/wp-content\/uploads\/2022\/10\/other-small.jpg\" alt=\"\" class=\"wp-image-243270\"\/><\/figure><div class=\"wp-block-media-text__content\">\n<!-- wp:paragraph {\"placeholder\":\"Contenu\u2026\",\"fontSize\":\"large\"} -->\n<p class=\"has-large-font-size\"><\/p>\n<!-- \/wp:paragraph -->\n<\/div><\/div>\n<!-- \/wp:media-text -->\n\n<!-- wp:media-text {\"mediaId\":243270,\"mediaType\":\"image\"} -->\n<div class=\"wp-block-media-text alignwide\"\"><figure class=\"wp-block-media-text__media\"><img src=\"https:\/\/subamacon.com\/wp-content\/uploads\/2022\/10\/other-small.jpg\" alt=\"\" class=\"wp-image-243270\"\/><\/figure><div class=\"wp-block-media-text__content\">\n<!-- wp:paragraph {\"placeholder\":\"Contenu\u2026\",\"fontSize\":\"large\"} -->\n<p class=\"has-large-font-size\"><\/p>\n<!-- \/wp:paragraph -->\n<\/div><\/div>\n<!-- \/wp:media-text -->\n\n<!-- wp:media-text {\"mediaPosition\":\"right\",\"mediaId\":243270,\"mediaType\":\"image\"} -->\n<div class=\"wp-block-media-text alignwide has-media-on-the-right\"\"><figure class=\"wp-block-media-text__media\"><img src=\"https:\/\/subamacon.com\/wp-content\/uploads\/2022\/10\/other-small.jpg\" alt=\"\" class=\"wp-image-243270\"\/><\/figure><div class=\"wp-block-media-text__content\">\n<!-- wp:paragraph {\"placeholder\":\"Contenu\u2026\",\"fontSize\":\"large\"} -->\n<p class=\"has-large-font-size\"><\/p>\n<!-- \/wp:paragraph -->\n<\/div><\/div>\n<!-- \/wp:media-text -->\n\n<!-- wp:woocommerce\/featured-product \/-->","_et_gb_content_width":"","footnotes":""},"class_list":["post-243267","page","type-page","status-publish","hentry"],"_links":{"self":[{"href":"https:\/\/subamacon.com\/index.php\/wp-json\/wp\/v2\/pages\/243267","targetHints":{"allow":["GET"]}}],"collection":[{"href":"https:\/\/subamacon.com\/index.php\/wp-json\/wp\/v2\/pages"}],"about":[{"href":"https:\/\/subamacon.com\/index.php\/wp-json\/wp\/v2\/types\/page"}],"author":[{"embeddable":true,"href":"https:\/\/subamacon.com\/index.php\/wp-json\/wp\/v2\/users\/1"}],"replies":[{"embeddable":true,"href":"https:\/\/subamacon.com\/index.php\/wp-json\/wp\/v2\/comments?post=243267"}],"version-history":[{"count":9,"href":"https:\/\/subamacon.com\/index.php\/wp-json\/wp\/v2\/pages\/243267\/revisions"}],"predecessor-version":[{"id":244022,"href":"https:\/\/subamacon.com\/index.php\/wp-json\/wp\/v2\/pages\/243267\/revisions\/244022"}],"wp:attachment":[{"href":"https:\/\/subamacon.com\/index.php\/wp-json\/wp\/v2\/media?parent=243267"}],"curies":[{"name":"wp","href":"https:\/\/api.w.org\/{rel}","templated":true}]}}